{"id":29,"date":"2022-10-13T09:09:47","date_gmt":"2022-10-13T09:09:47","guid":{"rendered":"http:\/\/utethon.com\/?page_id=29"},"modified":"2023-12-13T16:59:23","modified_gmt":"2023-12-13T16:59:23","slug":"impressum","status":"publish","type":"page","link":"https:\/\/utethon.com\/en\/impressum\/","title":{"rendered":"Impressum"},"content":{"rendered":"<p>Impressum<br>Angaben gem\u00e4\u00df \u00a7 5 TMG<br>Ute \u00c4nne Thon Journalistin Paulsenplatz 7 22767 Hamburg<br>Kontakt<br>Telefon: +49 (0) 4018037782 E-Mail: utethon@gmail.com<br>Redaktionell verantwortlich<br>Ute Thon Paulsenplatz 7 22767 Hamburg<br>Verbraucherstreitbeilegung\/Universalschlichtungsstelle<br>Wir sind nicht bereit oder verpflichtet, an Streitbeilegungsverfahren vor einer Verbraucherschlichtungsstelle teilzunehmen.<\/p>","protected":false},"excerpt":{"rendered":"<p>ImpressumAngaben gem\u00e4\u00df \u00a7 5 TMGUte \u00c4nne Thon Journalistin Paulsenplatz 7 22767 HamburgKontaktTelefon: +49 (0) 4018037782 E-Mail: utethon@gmail.comRedaktionell verantwortlichUte [&hellip;]<\/p>\n","protected":false},"author":1,"featured_media":0,"parent":0,"menu_order":0,"comment_status":"closed","ping_status":"closed","template":"","meta":{"footnotes":""},"class_list":["post-29","page","type-page","status-publish","hentry"],"yoast_head":"<!-- This site is optimized with the Yoast SEO plugin v27.3 - https:\/\/yoast.com\/product\/yoast-seo-wordpress\/ -->\n<title>Impressum - U\u00c4 \u2013 UND \u00c4HNLICHES<\/title>\n<meta name=\"robots\" content=\"index, follow, max-snippet:-1, max-image-preview:large, max-video-preview:-1\" \/>\n<link rel=\"canonical\" href=\"https:\/\/utethon.com\/en\/impressum\/\" \/>\n<meta property=\"og:locale\" content=\"en_US\" \/>\n<meta property=\"og:type\" content=\"article\" \/>\n<meta property=\"og:title\" content=\"Impressum - U\u00c4 \u2013 UND \u00c4HNLICHES\" \/>\n<meta property=\"og:description\" content=\"ImpressumAngaben gem\u00e4\u00df \u00a7 5 TMGUte \u00c4nne Thon Journalistin Paulsenplatz 7 22767 HamburgKontaktTelefon: +49 (0) 4018037782 E-Mail: utethon@gmail.comRedaktionell verantwortlichUte [&hellip;]\" \/>\n<meta property=\"og:url\" content=\"https:\/\/utethon.com\/en\/impressum\/\" \/>\n<meta property=\"og:site_name\" content=\"U\u00c4 \u2013 UND \u00c4HNLICHES\" \/>\n<meta property=\"article:modified_time\" content=\"2023-12-13T16:59:23+00:00\" \/>\n<meta name=\"twitter:card\" content=\"summary_large_image\" \/>\n<meta name=\"twitter:label1\" content=\"Est. reading time\" \/>\n\t<meta name=\"twitter:data1\" content=\"1 minute\" \/>\n<script type=\"application\/ld+json\" class=\"yoast-schema-graph\">{\"@context\":\"https:\\\/\\\/schema.org\",\"@graph\":[{\"@type\":\"WebPage\",\"@id\":\"https:\\\/\\\/utethon.com\\\/impressum\\\/\",\"url\":\"https:\\\/\\\/utethon.com\\\/impressum\\\/\",\"name\":\"Impressum - U\u00c4 \u2013 UND \u00c4HNLICHES\",\"isPartOf\":{\"@id\":\"https:\\\/\\\/utethon.com\\\/#website\"},\"datePublished\":\"2022-10-13T09:09:47+00:00\",\"dateModified\":\"2023-12-13T16:59:23+00:00\",\"breadcrumb\":{\"@id\":\"https:\\\/\\\/utethon.com\\\/impressum\\\/#breadcrumb\"},\"inLanguage\":\"en-US\",\"potentialAction\":[{\"@type\":\"ReadAction\",\"target\":[\"https:\\\/\\\/utethon.com\\\/impressum\\\/\"]}]},{\"@type\":\"BreadcrumbList\",\"@id\":\"https:\\\/\\\/utethon.com\\\/impressum\\\/#breadcrumb\",\"itemListElement\":[{\"@type\":\"ListItem\",\"position\":1,\"name\":\"Startseite\",\"item\":\"https:\\\/\\\/utethon.com\\\/\"},{\"@type\":\"ListItem\",\"position\":2,\"name\":\"Impressum\"}]},{\"@type\":\"WebSite\",\"@id\":\"https:\\\/\\\/utethon.com\\\/#website\",\"url\":\"https:\\\/\\\/utethon.com\\\/\",\"name\":\"U\u00c4 \u2013 UND \u00c4HNLICHES\",\"description\":\"Interviews, Reportagen, Kritiken zu Kunst, Kino und mehr von Ute \u00c4nne Thon\",\"potentialAction\":[{\"@type\":\"SearchAction\",\"target\":{\"@type\":\"EntryPoint\",\"urlTemplate\":\"https:\\\/\\\/utethon.com\\\/?s={search_term_string}\"},\"query-input\":{\"@type\":\"PropertyValueSpecification\",\"valueRequired\":true,\"valueName\":\"search_term_string\"}}],\"inLanguage\":\"en-US\"}]}<\/script>\n<!-- \/ Yoast SEO plugin. -->","yoast_head_json":{"title":"Impressum - U\u00c4 \u2013 UND \u00c4HNLICHES","robots":{"index":"index","follow":"follow","max-snippet":"max-snippet:-1","max-image-preview":"max-image-preview:large","max-video-preview":"max-video-preview:-1"},"canonical":"https:\/\/utethon.com\/en\/impressum\/","og_locale":"en_US","og_type":"article","og_title":"Impressum - U\u00c4 \u2013 UND \u00c4HNLICHES","og_description":"ImpressumAngaben gem\u00e4\u00df \u00a7 5 TMGUte \u00c4nne Thon Journalistin Paulsenplatz 7 22767 HamburgKontaktTelefon: +49 (0) 4018037782 E-Mail: utethon@gmail.comRedaktionell verantwortlichUte [&hellip;]","og_url":"https:\/\/utethon.com\/en\/impressum\/","og_site_name":"U\u00c4 \u2013 UND \u00c4HNLICHES","article_modified_time":"2023-12-13T16:59:23+00:00","twitter_card":"summary_large_image","twitter_misc":{"Est. reading time":"1 minute"},"schema":{"@context":"https:\/\/schema.org","@graph":[{"@type":"WebPage","@id":"https:\/\/utethon.com\/impressum\/","url":"https:\/\/utethon.com\/impressum\/","name":"Impressum - U\u00c4 \u2013 UND \u00c4HNLICHES","isPartOf":{"@id":"https:\/\/utethon.com\/#website"},"datePublished":"2022-10-13T09:09:47+00:00","dateModified":"2023-12-13T16:59:23+00:00","breadcrumb":{"@id":"https:\/\/utethon.com\/impressum\/#breadcrumb"},"inLanguage":"en-US","potentialAction":[{"@type":"ReadAction","target":["https:\/\/utethon.com\/impressum\/"]}]},{"@type":"BreadcrumbList","@id":"https:\/\/utethon.com\/impressum\/#breadcrumb","itemListElement":[{"@type":"ListItem","position":1,"name":"Startseite","item":"https:\/\/utethon.com\/"},{"@type":"ListItem","position":2,"name":"Impressum"}]},{"@type":"WebSite","@id":"https:\/\/utethon.com\/#website","url":"https:\/\/utethon.com\/","name":"U\u00c4 \u2013 UND \u00c4HNLICHES","description":"INTERVIEWS, REPORTS, REVIEWS ON ART, CINEMA AND MUCH MORE BY UTE \u00c4NNE THON","potentialAction":[{"@type":"SearchAction","target":{"@type":"EntryPoint","urlTemplate":"https:\/\/utethon.com\/?s={search_term_string}"},"query-input":{"@type":"PropertyValueSpecification","valueRequired":true,"valueName":"search_term_string"}}],"inLanguage":"en-US"}]}},"_links":{"self":[{"href":"https:\/\/utethon.com\/en\/wp-json\/wp\/v2\/pages\/29","targetHints":{"allow":["GET"]}}],"collection":[{"href":"https:\/\/utethon.com\/en\/wp-json\/wp\/v2\/pages"}],"about":[{"href":"https:\/\/utethon.com\/en\/wp-json\/wp\/v2\/types\/page"}],"author":[{"embeddable":true,"href":"https:\/\/utethon.com\/en\/wp-json\/wp\/v2\/users\/1"}],"replies":[{"embeddable":true,"href":"https:\/\/utethon.com\/en\/wp-json\/wp\/v2\/comments?post=29"}],"version-history":[{"count":0,"href":"https:\/\/utethon.com\/en\/wp-json\/wp\/v2\/pages\/29\/revisions"}],"wp:attachment":[{"href":"https:\/\/utethon.com\/en\/wp-json\/wp\/v2\/media?parent=29"}],"curies":[{"name":"wp","href":"https:\/\/api.w.org\/{rel}","templated":true}]}}